{"id":2463,"date":"2023-08-16T14:56:22","date_gmt":"2023-08-16T12:56:22","guid":{"rendered":"https:\/\/novikrog.si\/?page_id=1452"},"modified":"2024-04-15T11:11:11","modified_gmt":"2024-04-15T09:11:11","slug":"organizacijska-ozavescenost","status":"publish","type":"page","link":"https:\/\/kroznojavnonarocanje.novikrog.si\/en\/matrika\/uspesna-izvedba\/organizacijska-ozavescenost\/","title":{"rendered":"Organizational awareness"},"content":{"rendered":"<div data-elementor-type=\"wp-page\" data-elementor-id=\"2463\" class=\"elementor elementor-2463\">\n\t\t\t\t\t\t<section class=\"elementor-section elementor-top-section elementor-element elementor-element-549e6cc2 elementor-section-height-min-height elementor-section-items-stretch elementor-section-boxed elementor-section-height-default\" data-id=\"549e6cc2\" data-element_type=\"section\" data-settings=\"{&quot;background_background&quot;:&quot;classic&quot;}\">\n\t\t\t\t\t\t<div class=\"elementor-container elementor-column-gap-default\">\n\t\t\t\t\t<div class=\"elementor-column elementor-col-100 elementor-top-column elementor-element elementor-element-6d104132\" data-id=\"6d104132\" data-element_type=\"column\" data-settings=\"{&quot;background_background&quot;:&quot;classic&quot;}\">\n\t\t\t<div class=\"elementor-widget-wrap elementor-element-populated\">\n\t\t\t\t\t\t<div class=\"elementor-element elementor-element-69f27364 elementor-widget elementor-widget-heading\" data-id=\"69f27364\" data-element_type=\"widget\" data-widget_type=\"heading.default\">\n\t\t\t\t<div class=\"elementor-widget-container\">\n\t\t\t<style>\/*! elementor - v3.20.0 - 10-04-2024 *\/\n.elementor-heading-title{padding:0;margin:0;line-height:1}.elementor-widget-heading .elementor-heading-title[class*=elementor-size-]>a{color:inherit;font-size:inherit;line-height:inherit}.elementor-widget-heading .elementor-heading-title.elementor-size-small{font-size:15px}.elementor-widget-heading .elementor-heading-title.elementor-size-medium{font-size:19px}.elementor-widget-heading .elementor-heading-title.elementor-size-large{font-size:29px}.elementor-widget-heading .elementor-heading-title.elementor-size-xl{font-size:39px}.elementor-widget-heading .elementor-heading-title.elementor-size-xxl{font-size:59px}<\/style><h1 class=\"elementor-heading-title elementor-size-default\">Organizational awareness<\/h1>\t\t<\/div>\n\t\t\t\t<\/div>\n\t\t\t\t\t<\/div>\n\t\t<\/div>\n\t\t\t\t\t<\/div>\n\t\t<\/section>\n\t\t\t\t<section class=\"elementor-section elementor-top-section elementor-element elementor-element-3b159ca4 elementor-section-boxed elementor-section-height-default elementor-section-height-default\" data-id=\"3b159ca4\" data-element_type=\"section\">\n\t\t\t\t\t\t<div class=\"elementor-container elementor-column-gap-default\">\n\t\t\t\t\t<div class=\"elementor-column elementor-col-100 elementor-top-column elementor-element elementor-element-66b95c06\" data-id=\"66b95c06\" data-element_type=\"column\" data-settings=\"{&quot;background_background&quot;:&quot;classic&quot;}\">\n\t\t\t<div class=\"elementor-widget-wrap elementor-element-populated\">\n\t\t\t\t\t\t<div class=\"elementor-element elementor-element-6aefb8c elementor-widget__width-initial elementor-widget elementor-widget-text-editor\" data-id=\"6aefb8c\" data-element_type=\"widget\" data-widget_type=\"text-editor.default\">\n\t\t\t\t<div class=\"elementor-widget-container\">\n\t\t\t<style>\/*! elementor - v3.20.0 - 10-04-2024 *\/\n.elementor-widget-text-editor.elementor-drop-cap-view-stacked .elementor-drop-cap{background-color:#69727d;color:#fff}.elementor-widget-text-editor.elementor-drop-cap-view-framed .elementor-drop-cap{color:#69727d;border:3px solid;background-color:transparent}.elementor-widget-text-editor:not(.elementor-drop-cap-view-default) .elementor-drop-cap{margin-top:8px}.elementor-widget-text-editor:not(.elementor-drop-cap-view-default) .elementor-drop-cap-letter{width:1em;height:1em}.elementor-widget-text-editor .elementor-drop-cap{float:left;text-align:center;line-height:1;font-size:50px}.elementor-widget-text-editor .elementor-drop-cap-letter{display:inline-block}<\/style>\t\t\t\t<h2 class=\"has-medium-font-size\">ProcurEU definition<\/h2><p>Organizational awareness is the understanding of the administrative structure, organisational culture, as well as the legal and policy framework, that impacts the organisation. It allows one to understand the drivers and motivations of different stakeholders, and to take appropriate actions leading to securing value for money and the best outcome for the organisation.<\/p>\t\t\t\t\t\t<\/div>\n\t\t\t\t<\/div>\n\t\t\t\t<div class=\"elementor-element elementor-element-8d22f70 elementor-mobile-align-center elementor-widget elementor-widget-button\" data-id=\"8d22f70\" data-element_type=\"widget\" data-widget_type=\"button.default\">\n\t\t\t\t<div class=\"elementor-widget-container\">\n\t\t\t\t\t<div class=\"elementor-button-wrapper\">\n\t\t\t<a class=\"elementor-button elementor-button-link elementor-size-sm\" href=\"https:\/\/kroznojavnonarocanje.novikrog.si\/en\/matrika\/uspesna-izvedba\/\">\n\t\t\t\t\t\t<span class=\"elementor-button-content-wrapper\">\n\t\t\t\t\t\t<span class=\"elementor-button-text\">Back to Performance<\/span>\n\t\t<\/span>\n\t\t\t\t\t<\/a>\n\t\t<\/div>\n\t\t\t\t<\/div>\n\t\t\t\t<\/div>\n\t\t\t\t\t<\/div>\n\t\t<\/div>\n\t\t\t\t\t<\/div>\n\t\t<\/section>\n\t\t\t\t<\/div>","protected":false},"excerpt":{"rendered":"<p>Organizacijska ozave\u0161\u010denost ProcurEU definicija Organizacijska ozave\u0161\u010denost je razumevanje upravne strukture, organizacijske kulture ter pravnega in politi\u010dnega okvira, ki vpliva na organizacijo. Omogo\u010da razumevanje gonil in motivacije razli\u010dnih dele\u017enikov ter sprejemanje ustreznih ukrepov, ki vodijo k zagotavljanju vrednosti za denar in najbolj\u0161ega rezultata za organizacijo. Nazaj na Uspe\u0161na izvedba<\/p>","protected":false},"author":1,"featured_media":0,"parent":1430,"menu_order":0,"comment_status":"closed","ping_status":"closed","template":"elementor_header_footer","meta":{"footnotes":""},"class_list":["post-2463","page","type-page","status-publish","hentry"],"uagb_featured_image_src":{"full":false,"thumbnail":false,"medium":false,"medium_large":false,"large":false,"1536x1536":false,"2048x2048":false,"trp-custom-language-flag":false},"uagb_author_info":{"display_name":"bizon","author_link":"https:\/\/kroznojavnonarocanje.novikrog.si\/en\/author\/bizon\/"},"uagb_comment_info":0,"uagb_excerpt":"Organizacijska ozave\u0161\u010denost ProcurEU definicija Organizacijska ozave\u0161\u010denost je razumevanje upravne strukture, organizacijske kulture ter pravnega in politi\u010dnega okvira, ki vpliva na organizacijo. Omogo\u010da razumevanje gonil in motivacije razli\u010dnih dele\u017enikov ter sprejemanje ustreznih ukrepov, ki vodijo k zagotavljanju vrednosti za denar in najbolj\u0161ega rezultata za organizacijo. Nazaj na Uspe\u0161na izvedba","_links":{"self":[{"href":"https:\/\/kroznojavnonarocanje.novikrog.si\/en\/wp-json\/wp\/v2\/pages\/2463","targetHints":{"allow":["GET"]}}],"collection":[{"href":"https:\/\/kroznojavnonarocanje.novikrog.si\/en\/wp-json\/wp\/v2\/pages"}],"about":[{"href":"https:\/\/kroznojavnonarocanje.novikrog.si\/en\/wp-json\/wp\/v2\/types\/page"}],"author":[{"embeddable":true,"href":"https:\/\/kroznojavnonarocanje.novikrog.si\/en\/wp-json\/wp\/v2\/users\/1"}],"replies":[{"embeddable":true,"href":"https:\/\/kroznojavnonarocanje.novikrog.si\/en\/wp-json\/wp\/v2\/comments?post=2463"}],"version-history":[{"count":1,"href":"https:\/\/kroznojavnonarocanje.novikrog.si\/en\/wp-json\/wp\/v2\/pages\/2463\/revisions"}],"predecessor-version":[{"id":2541,"href":"https:\/\/kroznojavnonarocanje.novikrog.si\/en\/wp-json\/wp\/v2\/pages\/2463\/revisions\/2541"}],"up":[{"embeddable":true,"href":"https:\/\/kroznojavnonarocanje.novikrog.si\/en\/wp-json\/wp\/v2\/pages\/1430"}],"wp:attachment":[{"href":"https:\/\/kroznojavnonarocanje.novikrog.si\/en\/wp-json\/wp\/v2\/media?parent=2463"}],"curies":[{"name":"wp","href":"https:\/\/api.w.org\/{rel}","templated":true}]}}