{"id":2709,"date":"2024-04-27T09:25:17","date_gmt":"2024-04-27T07:25:17","guid":{"rendered":"https:\/\/kroznojavnonarocanje.novikrog.si\/?page_id=2709"},"modified":"2024-04-27T10:41:42","modified_gmt":"2024-04-27T08:41:42","slug":"moznosti-nabave","status":"publish","type":"page","link":"https:\/\/kroznojavnonarocanje.novikrog.si\/en\/shema-postopka-kroznega-javnega-narocila\/faza-pred-razpisom-1-del\/moznosti-nabave\/","title":{"rendered":"Procurement options"},"content":{"rendered":"<div data-elementor-type=\"wp-page\" data-elementor-id=\"2709\" class=\"elementor elementor-2709\">\n\t\t\t\t\t\t<section class=\"elementor-section elementor-top-section elementor-element elementor-element-4272493 elementor-section-boxed elementor-section-height-default elementor-section-height-default\" data-id=\"4272493\" data-element_type=\"section\">\n\t\t\t\t\t\t<div class=\"elementor-container elementor-column-gap-default\">\n\t\t\t\t\t<div class=\"elementor-column elementor-col-100 elementor-top-column elementor-element elementor-element-c1680cf\" data-id=\"c1680cf\" data-element_type=\"column\">\n\t\t\t<div class=\"elementor-widget-wrap elementor-element-populated\">\n\t\t\t\t\t\t<div class=\"elementor-element elementor-element-8800567 elementor-widget elementor-widget-html\" data-id=\"8800567\" data-element_type=\"widget\" data-widget_type=\"html.default\">\n\t\t\t\t<div class=\"elementor-widget-container\">\n\t\t\t<nav aria-label=\"breadcrumbs\" class=\"rank-math-breadcrumb\"><p><span class=\"last\">Home<\/span><\/p><\/nav>\t\t<\/div>\n\t\t\t\t<\/div>\n\t\t\t\t\t<\/div>\n\t\t<\/div>\n\t\t\t\t\t<\/div>\n\t\t<\/section>\n\t\t\t\t<section class=\"elementor-section elementor-top-section elementor-element elementor-element-549e6cc2 elementor-section-height-min-height elementor-section-items-stretch elementor-section-boxed elementor-section-height-default\" data-id=\"549e6cc2\" data-element_type=\"section\" data-settings=\"{&quot;background_background&quot;:&quot;classic&quot;}\">\n\t\t\t\t\t\t<div class=\"elementor-container elementor-column-gap-default\">\n\t\t\t\t\t<div class=\"elementor-column elementor-col-100 elementor-top-column elementor-element elementor-element-6d104132\" data-id=\"6d104132\" data-element_type=\"column\" data-settings=\"{&quot;background_background&quot;:&quot;classic&quot;}\">\n\t\t\t<div class=\"elementor-widget-wrap elementor-element-populated\">\n\t\t\t\t\t\t<div class=\"elementor-element elementor-element-69f27364 elementor-widget elementor-widget-heading\" data-id=\"69f27364\" data-element_type=\"widget\" data-widget_type=\"heading.default\">\n\t\t\t\t<div class=\"elementor-widget-container\">\n\t\t\t<style>\/*! elementor - v3.20.0 - 10-04-2024 *\/\n.elementor-heading-title{padding:0;margin:0;line-height:1}.elementor-widget-heading .elementor-heading-title[class*=elementor-size-]>a{color:inherit;font-size:inherit;line-height:inherit}.elementor-widget-heading .elementor-heading-title.elementor-size-small{font-size:15px}.elementor-widget-heading .elementor-heading-title.elementor-size-medium{font-size:19px}.elementor-widget-heading .elementor-heading-title.elementor-size-large{font-size:29px}.elementor-widget-heading .elementor-heading-title.elementor-size-xl{font-size:39px}.elementor-widget-heading .elementor-heading-title.elementor-size-xxl{font-size:59px}<\/style><h1 class=\"elementor-heading-title elementor-size-default\">Procurement options<\/h1>\t\t<\/div>\n\t\t\t\t<\/div>\n\t\t\t\t\t<\/div>\n\t\t<\/div>\n\t\t\t\t\t<\/div>\n\t\t<\/section>\n\t\t\t\t<section class=\"elementor-section elementor-top-section elementor-element elementor-element-3b159ca4 elementor-section-boxed elementor-section-height-default elementor-section-height-default\" data-id=\"3b159ca4\" data-element_type=\"section\">\n\t\t\t\t\t\t<div class=\"elementor-container elementor-column-gap-default\">\n\t\t\t\t\t<div class=\"elementor-column elementor-col-100 elementor-top-column elementor-element elementor-element-66b95c06\" data-id=\"66b95c06\" data-element_type=\"column\" data-settings=\"{&quot;background_background&quot;:&quot;classic&quot;}\">\n\t\t\t<div class=\"elementor-widget-wrap elementor-element-populated\">\n\t\t\t\t\t\t<div class=\"elementor-element elementor-element-6aefb8c elementor-widget__width-initial elementor-widget elementor-widget-text-editor\" data-id=\"6aefb8c\" data-element_type=\"widget\" data-widget_type=\"text-editor.default\">\n\t\t\t\t<div class=\"elementor-widget-container\">\n\t\t\t<style>\/*! elementor - v3.20.0 - 10-04-2024 *\/\n.elementor-widget-text-editor.elementor-drop-cap-view-stacked .elementor-drop-cap{background-color:#69727d;color:#fff}.elementor-widget-text-editor.elementor-drop-cap-view-framed .elementor-drop-cap{color:#69727d;border:3px solid;background-color:transparent}.elementor-widget-text-editor:not(.elementor-drop-cap-view-default) .elementor-drop-cap{margin-top:8px}.elementor-widget-text-editor:not(.elementor-drop-cap-view-default) .elementor-drop-cap-letter{width:1em;height:1em}.elementor-widget-text-editor .elementor-drop-cap{float:left;text-align:center;line-height:1;font-size:50px}.elementor-widget-text-editor .elementor-drop-cap-letter{display:inline-block}<\/style>\t\t\t\t<p>Circularly economy encourages numerous options, which are oriented in the circular principle of minimization of waste and conservation of the values, including the options related to the acquisition of objects, e.g. the possibility of procurement of used equipment or remanufactured equipment etc. These options can even be written in the documentation of circular public procurement. These options focus especially on circular inputs as such, and less in others options presented by circular business models.<\/p><p><strong>Good practice: Ordering furniture in Wales - refurbished furniture<\/strong><\/p><p>When the Institute for Public Public Health Wales (PHW) moved to new premises in 2016, they decided to conclude a contract for office furniture that would encourage a reuse of the existing office equipment, furniture and flooring and at the same time enable a supply of refurbished products from other resources.<\/p><p>Open house day provided the supplier some key design specifications to create a collaborative working environment and a reuse of furniture. The winning consortium, which included social companies, supplied more than 2,500 products. Of these there were only 6% new products, and the rest were restored or got a new function, of which an important share originated from the existing PHW supplies. Circular approach prevented the 41 tons of waste - saving 134 tons of CO2 - and at the same time created permanent working places for more disabled and long-term unemployed people.<\/p>\t\t\t\t\t\t<\/div>\n\t\t\t\t<\/div>\n\t\t\t\t<div class=\"elementor-element elementor-element-8d22f70 elementor-mobile-align-center elementor-widget elementor-widget-button\" data-id=\"8d22f70\" data-element_type=\"widget\" data-widget_type=\"button.default\">\n\t\t\t\t<div class=\"elementor-widget-container\">\n\t\t\t\t\t<div class=\"elementor-button-wrapper\">\n\t\t\t<a class=\"elementor-button elementor-button-link elementor-size-sm\" href=\"https:\/\/kroznojavnonarocanje.novikrog.si\/en\/shema-postopka-kroznega-javnega-narocila\/faza-pred-razpisom-1-del\/\">\n\t\t\t\t\t\t<span class=\"elementor-button-content-wrapper\">\n\t\t\t\t\t\t<span class=\"elementor-button-text\">Back to Pre-tender Phase: Part 1<\/span>\n\t\t<\/span>\n\t\t\t\t\t<\/a>\n\t\t<\/div>\n\t\t\t\t<\/div>\n\t\t\t\t<\/div>\n\t\t\t\t\t<\/div>\n\t\t<\/div>\n\t\t\t\t\t<\/div>\n\t\t<\/section>\n\t\t\t\t<\/div>","protected":false},"excerpt":{"rendered":"<p>Mo\u017enosti nabave Kro\u017eno gospodarstvo spodbuja \u0161tevilne opcije, ki so usmerjene v kro\u017eni na\u010delo minimimiziranja odpada in ohranjanja vrednosti , kar vklju\u010duje tudi opcije povezane s pridobitev predmetov nabave, npr. prek mo\u017enosti nabave rabljene opreme ali remanufactured opreme itd. Navedeno je kot izrecno mo\u017enost mo\u010d zapisati tudi v samo dokumentacijo kro\u017enega javnega naro\u010dila. Pri teh opcijah [&hellip;]<\/p>","protected":false},"author":1,"featured_media":0,"parent":2620,"menu_order":0,"comment_status":"closed","ping_status":"closed","template":"elementor_header_footer","meta":{"footnotes":""},"class_list":["post-2709","page","type-page","status-publish","hentry"],"uagb_featured_image_src":{"full":false,"thumbnail":false,"medium":false,"medium_large":false,"large":false,"1536x1536":false,"2048x2048":false,"trp-custom-language-flag":false},"uagb_author_info":{"display_name":"bizon","author_link":"https:\/\/kroznojavnonarocanje.novikrog.si\/en\/author\/bizon\/"},"uagb_comment_info":0,"uagb_excerpt":"Mo\u017enosti nabave Kro\u017eno gospodarstvo spodbuja \u0161tevilne opcije, ki so usmerjene v kro\u017eni na\u010delo minimimiziranja odpada in ohranjanja vrednosti , kar vklju\u010duje tudi opcije povezane s pridobitev predmetov nabave, npr. prek mo\u017enosti nabave rabljene opreme ali remanufactured opreme itd. Navedeno je kot izrecno mo\u017enost mo\u010d zapisati tudi v samo dokumentacijo kro\u017enega javnega naro\u010dila. Pri teh opcijah&hellip;","_links":{"self":[{"href":"https:\/\/kroznojavnonarocanje.novikrog.si\/en\/wp-json\/wp\/v2\/pages\/2709","targetHints":{"allow":["GET"]}}],"collection":[{"href":"https:\/\/kroznojavnonarocanje.novikrog.si\/en\/wp-json\/wp\/v2\/pages"}],"about":[{"href":"https:\/\/kroznojavnonarocanje.novikrog.si\/en\/wp-json\/wp\/v2\/types\/page"}],"author":[{"embeddable":true,"href":"https:\/\/kroznojavnonarocanje.novikrog.si\/en\/wp-json\/wp\/v2\/users\/1"}],"replies":[{"embeddable":true,"href":"https:\/\/kroznojavnonarocanje.novikrog.si\/en\/wp-json\/wp\/v2\/comments?post=2709"}],"version-history":[{"count":7,"href":"https:\/\/kroznojavnonarocanje.novikrog.si\/en\/wp-json\/wp\/v2\/pages\/2709\/revisions"}],"predecessor-version":[{"id":2772,"href":"https:\/\/kroznojavnonarocanje.novikrog.si\/en\/wp-json\/wp\/v2\/pages\/2709\/revisions\/2772"}],"up":[{"embeddable":true,"href":"https:\/\/kroznojavnonarocanje.novikrog.si\/en\/wp-json\/wp\/v2\/pages\/2620"}],"wp:attachment":[{"href":"https:\/\/kroznojavnonarocanje.novikrog.si\/en\/wp-json\/wp\/v2\/media?parent=2709"}],"curies":[{"name":"wp","href":"https:\/\/api.w.org\/{rel}","templated":true}]}}